{"id":2998,"date":"2026-02-11T09:59:02","date_gmt":"2026-02-11T09:59:02","guid":{"rendered":"https:\/\/www.ktechsolar.com\/?post_type=product&#038;p=2998"},"modified":"2026-02-13T06:25:54","modified_gmt":"2026-02-13T06:25:54","slug":"ke-30kd5h3en","status":"publish","type":"product","link":"https:\/\/www.ktechsolar.com\/es\/product\/ke-30kd5h3en\/","title":{"rendered":"KE-30KD5H3EN"},"content":{"rendered":"","protected":false},"excerpt":{"rendered":"<p>Inversor h\u00edbrido trif\u00e1sico de alta tensi\u00f3n<br \/>\nPara la red europea<\/p>","protected":false},"featured_media":2994,"template":"","product-category":[11,15],"product-tag":[],"class_list":["post-2998","product","type-product","status-publish","has-post-thumbnail","hentry","product-category-inverter","product-category-hybrid-inverter"],"acf":[],"_links":{"self":[{"href":"https:\/\/www.ktechsolar.com\/es\/wp-json\/wp\/v2\/product\/2998","targetHints":{"allow":["GET"]}}],"collection":[{"href":"https:\/\/www.ktechsolar.com\/es\/wp-json\/wp\/v2\/product"}],"about":[{"href":"https:\/\/www.ktechsolar.com\/es\/wp-json\/wp\/v2\/types\/product"}],"wp:featuredmedia":[{"embeddable":true,"href":"https:\/\/www.ktechsolar.com\/es\/wp-json\/wp\/v2\/media\/2994"}],"wp:attachment":[{"href":"https:\/\/www.ktechsolar.com\/es\/wp-json\/wp\/v2\/media?parent=2998"}],"wp:term":[{"taxonomy":"product-category","embeddable":true,"href":"https:\/\/www.ktechsolar.com\/es\/wp-json\/wp\/v2\/product-category?post=2998"},{"taxonomy":"product-tag","embeddable":true,"href":"https:\/\/www.ktechsolar.com\/es\/wp-json\/wp\/v2\/product-tag?post=2998"}],"curies":[{"name":"wp","href":"https:\/\/api.w.org\/{rel}","templated":true}]}}