{"id":2993,"date":"2026-02-11T08:42:37","date_gmt":"2026-02-11T08:42:37","guid":{"rendered":"https:\/\/www.ktechsolar.com\/?post_type=product&#038;p=2993"},"modified":"2026-03-26T09:08:35","modified_gmt":"2026-03-26T09:08:35","slug":"ke-30kd5h3un","status":"publish","type":"product","link":"https:\/\/www.ktechsolar.com\/pt\/product\/ke-30kd5h3un\/","title":{"rendered":"KE-30KD5H3UN"},"content":{"rendered":"","protected":false},"excerpt":{"rendered":"<p>Inversor h\u00edbrido trif\u00e1sico de alta tens\u00e3o<br \/>\nPara a Americas Grid<\/p>","protected":false},"featured_media":2994,"template":"","product-category":[11,15],"product-tag":[],"class_list":["post-2993","product","type-product","status-publish","has-post-thumbnail","hentry","product-category-inverter","product-category-hybrid-inverter"],"acf":[],"_links":{"self":[{"href":"https:\/\/www.ktechsolar.com\/pt\/wp-json\/wp\/v2\/product\/2993","targetHints":{"allow":["GET"]}}],"collection":[{"href":"https:\/\/www.ktechsolar.com\/pt\/wp-json\/wp\/v2\/product"}],"about":[{"href":"https:\/\/www.ktechsolar.com\/pt\/wp-json\/wp\/v2\/types\/product"}],"wp:featuredmedia":[{"embeddable":true,"href":"https:\/\/www.ktechsolar.com\/pt\/wp-json\/wp\/v2\/media\/2994"}],"wp:attachment":[{"href":"https:\/\/www.ktechsolar.com\/pt\/wp-json\/wp\/v2\/media?parent=2993"}],"wp:term":[{"taxonomy":"product-category","embeddable":true,"href":"https:\/\/www.ktechsolar.com\/pt\/wp-json\/wp\/v2\/product-category?post=2993"},{"taxonomy":"product-tag","embeddable":true,"href":"https:\/\/www.ktechsolar.com\/pt\/wp-json\/wp\/v2\/product-tag?post=2993"}],"curies":[{"name":"wp","href":"https:\/\/api.w.org\/{rel}","templated":true}]}}